{"id":30,"date":"2013-07-30T10:34:01","date_gmt":"2013-07-30T08:34:01","guid":{"rendered":"http:\/\/lisunenergy.de\/wordpress\/?page_id=30"},"modified":"2016-05-28T17:03:30","modified_gmt":"2016-05-28T15:03:30","slug":"uber-uns","status":"publish","type":"page","link":"https:\/\/lisunenergy.de\/?page_id=30","title":{"rendered":"Batterieverordnung"},"content":{"rendered":"<p><strong>Hinweise zur Batterieentsorgung<\/strong><\/p>\n<p>Im Zusammenhang mit dem Vertrieb von Batterien oder mit der Lieferung von Ger\u00e4ten, die Batterien enthalten, sind wir verpflichtet, Sie auf folgendes hinzuweisen:<br \/>\nSie sind zur R\u00fcckgabe gebrauchter Batterien als Endnutzer gesetzlich verpflichtet. Sie k\u00f6nnen Altbatterien, die wir als Neubatterien im Sortiment f\u00fchren oder gef\u00fchrt haben, unentgeltlich an unserem Versandlager (Versandadresse) zur\u00fcckgeben. Die auf den Batterien abgebildeten Symbole haben folgende Bedeutung:<br \/>\nDas Symbol der durchgekreuzten M\u00fclltonne bedeutet, dass die Batterie nicht in den Hausm\u00fcll gegeben werden darf.<br \/>\nPb = Batterie enth\u00e4lt mehr als 0,004 Masseprozent Blei<br \/>\nCd = Batterie enth\u00e4lt mehr als 0,002 Masseprozent Cadmium<br \/>\nHg = Batterie enth\u00e4lt mehr als 0,0005 Masseprozent Quecksilber.<\/p>\n<p><strong>Besonderheiten beim Verkauf von Starterbatterien<\/strong><\/p>\n<p>Im Zusammenhang mit dem Vertrieb von Fahrzeugbatterien sind wir, soweit Sie Endverbraucher sind gem\u00e4\u00df \u00a7 10 BattG verpflichtet, je Fahrzeugbatterie ein Pfand in H\u00f6he von 7,50 Euro einschlie\u00dflich Umsatzsteuer zu erheben, wenn Sie zum Zeitpunkt des Kaufs einer neuen Fahrzeugbatterie keine Fahrzeug-Altbatterie zur\u00fcckgeben. Das Pfand ist nicht im Kaufpreis enthalten und wird neben dem Endpreis am Artikel ausgewiesen.<\/p>\n<p>Geben Sie bei uns eine Fahrzeug-Altbatterie zur\u00fcck, die wir entsprechend \u00a7 9 BattG als Neubatterie im Sortiment f\u00fchren oder gef\u00fchrt haben, sind wir im Rahmen der gesetzlichen Vorschriften verpflichtet, diese kostenlos zur\u00fcckzunehmen und den Pfandbetrag zur\u00fcckzuerstatten.<br \/>\nSoweit wir entsprechend \u00a7 10 Abs. 1 Satz 3 BattG eine Pfandmarke ausgegeben haben, ist die Erstattung des Pfandes bei der R\u00fcckgabe der Fahrzeug-Altbatterie von der R\u00fcckgabe der Pfandmarke abh\u00e4ngig.<\/p>\n<p>R\u00fcckgabeort ist die im Impressum aufgef\u00fchrte Adresse.<\/p>\n<p>Eine R\u00fccksendung der Altbatterie per Post ist aufgrund der Gefahrgutverordnung nicht zul\u00e4ssig.<\/p>\n<p>Fahrzeug-Altbatterien k\u00f6nnen alternativ auch kostenlos bei Wertstoff- und Recyclingh\u00f6fen abgegeben werden. Das von uns erhobene Pfand wird von den \u00f6ffentlich \u2013 rechtlichen Wertstoff- und<br \/>\nRecyclingh\u00f6fen nicht zur\u00fcckerstattet. Sie haben dort aber die M\u00f6glichkeit, sich die R\u00fcckgabe der Fahr- zeug-Altbatterie auf der Pfandmarke quittieren zu lassen. Gegen Vorlage der quittierten Pfandmarke erhalten Sie das Batteriepfand von uns zur\u00fcck.<\/p>\n<div class=\"kommentar_Fundstelle\">Fundstelle: BGBl. I 2009, 1590)<\/div>\n<p>&nbsp;<\/p>\n<table>\n<colgroup>\n<col width=\"100%\" align=\"left\" \/><\/colgroup>\n<tbody valign=\"top\">\n<tr>\n<td align=\"center\" charoff=\"50\" valign=\"top\"><img decoding=\"async\" src=\"https:\/\/www.gesetze-im-internet.de\/normengrafiken\/bgbl1_2009\/j1582-1_0010.jpg\" alt=\"\" \/><\/td>\n<\/tr>\n<\/tbody>\n<\/table>\n<p>&nbsp;<\/p>\n<h2><\/h2>\n<p>&nbsp;<\/p>\n","protected":false},"excerpt":{"rendered":"<p>Hinweise zur Batterieentsorgung Im Zusammenhang mit dem Vertrieb von Batterien oder mit der Lieferung von Ger\u00e4ten, die Batterien enthalten, sind wir verpflichtet, Sie auf folgendes hinzuweisen: Sie sind zur R\u00fcckgabe gebrauchter Batterien als Endnutzer gesetzlich verpflichtet. Sie k\u00f6nnen Altbatterien, die wir als Neubatterien im Sortiment f\u00fchren oder gef\u00fchrt haben, unentgeltlich an unserem Versandlager (Versandadresse) zur\u00fcckgeben. &hellip;<\/p>\n","protected":false},"author":1,"featured_media":0,"parent":0,"menu_order":0,"comment_status":"closed","ping_status":"open","template":"","meta":{"footnotes":""},"class_list":["post-30","page","type-page","status-publish","hentry"],"_links":{"self":[{"href":"https:\/\/lisunenergy.de\/index.php?rest_route=\/wp\/v2\/pages\/30","targetHints":{"allow":["GET"]}}],"collection":[{"href":"https:\/\/lisunenergy.de\/index.php?rest_route=\/wp\/v2\/pages"}],"about":[{"href":"https:\/\/lisunenergy.de\/index.php?rest_route=\/wp\/v2\/types\/page"}],"author":[{"embeddable":true,"href":"https:\/\/lisunenergy.de\/index.php?rest_route=\/wp\/v2\/users\/1"}],"replies":[{"embeddable":true,"href":"https:\/\/lisunenergy.de\/index.php?rest_route=%2Fwp%2Fv2%2Fcomments&post=30"}],"version-history":[{"count":18,"href":"https:\/\/lisunenergy.de\/index.php?rest_route=\/wp\/v2\/pages\/30\/revisions"}],"predecessor-version":[{"id":650,"href":"https:\/\/lisunenergy.de\/index.php?rest_route=\/wp\/v2\/pages\/30\/revisions\/650"}],"wp:attachment":[{"href":"https:\/\/lisunenergy.de\/index.php?rest_route=%2Fwp%2Fv2%2Fmedia&parent=30"}],"curies":[{"name":"wp","href":"https:\/\/api.w.org\/{rel}","templated":true}]}}