{"id":28,"date":"2013-07-30T10:33:40","date_gmt":"2013-07-30T08:33:40","guid":{"rendered":"http:\/\/lisunenergy.de\/wordpress\/?page_id=28"},"modified":"2026-02-06T10:33:53","modified_gmt":"2026-02-06T08:33:53","slug":"startseite","status":"publish","type":"page","link":"https:\/\/lisunenergy.de\/","title":{"rendered":"Bausatz"},"content":{"rendered":"<h6 style=\"text-align: center;\"><\/h6>\n<p style=\"text-align: center;\"><span style=\"color: #000000;\"><strong>E-Mail: lisunenergy@t-online.de\u00a0 \u00a0Inh. Detlef Eilzer\u00a0\u00a0<\/strong><\/span><\/p>\n<h3><\/h3>\n<h2><\/h2>\n<h2><span style=\"color: #000000;\"><em><strong>Mobile und station\u00e4re Stromversorgung \/ Energiesysteme\u00a0<\/strong><\/em><\/span><\/h2>\n<h4><span style=\"color: #ff0000;\"><strong>NEU<\/strong><\/span>: Befreiung der UST. 2023 gem\u00e4\u00df \u00a7 12 Abs. 3 UStG. f\u00fcr PV- und Speicheranlagen (befreit dazu sind alle wesentliche Komponenten zur Erzeugung sowie Speicherung). Hier gilt: der K\u00e4ufer muss auch der tats\u00e4chliche Betreiber dieser Anlage sein. Weiter gilt: (au\u00dfer f\u00fcr mobile Anlagen).<\/h4>\n<h4>Herzlich Willkommen!<\/h4>\n<h4>auf unserer Homepage LISUNENERGY. Wir sind ein Unternehmen, welches sich seit ca. 12 Jahre im Bereich Off Grid (Insell\u00f6sung) und mobile Energieerzeugung \/ -speicherung etabliert hat.<\/h4>\n<h4><\/h4>\n<p><a href=\"http:\/\/lisunenergy.de\/wp-content\/uploads\/2021\/06\/kolaz_sortimentu_2021_1.jpg\"><img loading=\"lazy\" decoding=\"async\" class=\"alignnone size-medium wp-image-1210\" src=\"http:\/\/lisunenergy.de\/wp-content\/uploads\/2021\/06\/kolaz_sortimentu_2021_1-300x169.jpg\" alt=\"\" width=\"300\" height=\"169\" srcset=\"https:\/\/lisunenergy.de\/wp-content\/uploads\/2021\/06\/kolaz_sortimentu_2021_1-300x169.jpg 300w, https:\/\/lisunenergy.de\/wp-content\/uploads\/2021\/06\/kolaz_sortimentu_2021_1-768x432.jpg 768w, https:\/\/lisunenergy.de\/wp-content\/uploads\/2021\/06\/kolaz_sortimentu_2021_1-1024x576.jpg 1024w\" sizes=\"auto, (max-width: 300px) 100vw, 300px\" \/><\/a><\/p>\n<h4><span style=\"color: #ff0000;\">Aktuelle Aktion:<\/span><\/h4>\n<p>Bely Akkus LiFePo4 12 Volt 150AH u. 200AH mit Heizversion u. Bluetooth \u00dcberwachung .<\/p>\n<h1 class=\"product-title h2\">VANVOLT LiFePO4 Lithium Batterie 12,8V 150Ah u. 200Ah DIN H8 Arctic BMS mit Bluetooth Grade A Zellen prismatisch bis 200A Lade-\/Entladestrom<\/h1>\n<p>150Ah<\/p>\n<p>200Ah<\/p>\n<p>************************************************************************<\/p>\n<p>Baus\u00e4tze:<\/p>\n<p><strong>Winston LiFeYPO4 Akkus Einzelkomponenten im Set bis 700AH<\/strong><\/p>\n<p>Preis auf Anfrage.<\/p>\n<ul>\n<li><span style=\"color: #ff0000;\">basic Set f\u00fcr LiFeYPO4<\/span><\/li>\n<li><span style=\"color: #ff0000;\">professionell Set f\u00fcr LiFeYPO4\u00a0<\/span><\/li>\n<\/ul>\n<ul>\n<li>4 oder 8 Einzelzellen \/ Akkus mit und ohne Geh\u00e4use<\/li>\n<li>BMS-Systeme (Batteriemanagementsysteme)<\/li>\n<li>kurzschlusssichere Sondergummileitungen f\u00fcr den mobilen Fahrzeugbereich und f\u00fcr Freizeitmobile<\/li>\n<li>Stromschienen und -br\u00fccken<\/li>\n<li>Ladeger\u00e4te und -wandler<\/li>\n<\/ul>\n<ul>\n<li>Programmierung aller Ger\u00e4te auf Li-Kennlinie<\/li>\n<\/ul>\n<p><span style=\"color: #000000;\"><strong>Leistungsspektrum:<\/strong><\/span><\/p>\n<ul>\n<li>Starterbatterien<\/li>\n<li>Aufbaubatterie(n) (Lifeline)<\/li>\n<li>Batterieladeger\u00e4te (MPPT_Victron \/ Votronic)<\/li>\n<li>Spannungswandler (Victron \/ Votronic)<\/li>\n<li>Wechselrichter (Victron \/ Votronic)<\/li>\n<li>Ladebooster<\/li>\n<li>Zubeh\u00f6r, Stromschienen, Sicherungen<\/li>\n<li>Kabelkonfektionierung Solarkabel und \/ oder verzinnte, kurzschlusssichere Sondergummileitungen von 25mm\u00b2 bis 70mm\u00b2<\/li>\n<li>Solarmodule (Made in Germany) superflach, faltbar ohne Rahmen \/ gerahmt- (mono) \u00a0\/ flexibel verst\u00e4rkt \/ flexibel plus \u00a0\/ Farben auf Anfrage: schwarz, wei\u00df oder Alu, bei Bedarf Ma\u00dfanfertigung<\/li>\n<\/ul>\n<p>Preise zu den oben genannten Produkte erhalten Sie per Anfrage.<\/p>\n<p>Anlieferung f\u00fcr die Schweiz:<\/p>\n<p>https:\/\/www.grenzpaket.ch\/de\/lieferadresse-waldshut-bodensee\/deutsche-lieferadresse-gottmadingen-bietingen.<\/p>\n<p>(Registrierung als Voraussetzung)<\/p>\n<ul>\n<li>BMV (Batteriecomputer) VE. Direct Bluetooth Smart Dongle<br \/>\n700 \/ 702 (Farbe: grau u. schwarz) \/ 712\u00a0 <span style=\"color: #000080;\">inklusive<\/span> 500A Shunt f\u00fcr 12 \/ 24 \/ 36 \/ 48V Leistungssystem<\/li>\n<\/ul>\n<p><a href=\"http:\/\/lisunenergy.de\/wp-content\/uploads\/2018\/02\/Shunt_300dpi_2.jpg\"><img loading=\"lazy\" decoding=\"async\" class=\"alignnone size-full wp-image-1050\" src=\"http:\/\/lisunenergy.de\/wp-content\/uploads\/2018\/02\/Shunt_300dpi_2.jpg\" alt=\"\" width=\"86\" height=\"44\" \/><\/a> <a href=\"http:\/\/lisunenergy.de\/wp-content\/uploads\/2018\/02\/bmv_712_smart.png\"><img loading=\"lazy\" decoding=\"async\" class=\"alignnone size-medium wp-image-1051\" src=\"http:\/\/lisunenergy.de\/wp-content\/uploads\/2018\/02\/bmv_712_smart.png\" alt=\"\" width=\"42\" height=\"86\" \/><\/a> <a href=\"http:\/\/lisunenergy.de\/wp-content\/uploads\/2018\/02\/BMV_712_Smart_1.png\"><img loading=\"lazy\" decoding=\"async\" class=\"alignnone size-full wp-image-1052\" src=\"http:\/\/lisunenergy.de\/wp-content\/uploads\/2018\/02\/BMV_712_Smart_1.png\" alt=\"\" width=\"86\" height=\"83\" \/><\/a><\/p>\n<ul>\n<li>LCD-Batterie-Computer S mit Smart-Shunt<\/li>\n<\/ul>\n<p><a href=\"http:\/\/lisunenergy.de\/wp-content\/uploads\/2018\/02\/LCD-Batterie-Computer_S.png\"><img loading=\"lazy\" decoding=\"async\" class=\"alignnone size-full wp-image-1053\" src=\"http:\/\/lisunenergy.de\/wp-content\/uploads\/2018\/02\/LCD-Batterie-Computer_S.png\" alt=\"\" width=\"235\" height=\"274\" \/><\/a><\/p>\n<hr class=\"ttfmake-hr\" style=\"border-style: solid; border-top-width: 1px;\" \/>\n<p><strong>Rubrik Fertigakkus:\u00a0<\/strong><\/p>\n<p><span style=\"color: #800000;\"><strong>Fertigakkus bis &#8211; 20\u00b0C einsetzbar!<\/strong><\/span><\/p>\n<p><strong>\u00a0LiFe<span style=\"color: #ff0000;\">Y<\/span>PO4 12 Volt\u00a0\u00a0<\/strong><strong><em>200AHA<\/em>\u00a0 inkl. 200A\u00a0 \u00a0 \u00a0 \u00a0 \u00a0 \u00a0 \u00a0 \u00a0 \u00a0 \u00a0 \u00a0 \u00a0 \u00a0 \u00a0 \u00a0 \u00a0 \u00a0 \u00a0 \u00a0 LiFe<span style=\"color: #ff0000;\">Y<\/span>PO4 12 Volt\u00a0<em>100AHA<\/em>\u00a0 inkl. 200A<\/strong><\/p>\n<p><strong>BMS (2x 100A BMS) im Geh\u00e4use\u00a0 \u00a0 \u00a0 \u00a0 \u00a0 \u00a0 \u00a0 \u00a0 \u00a0 \u00a0 \u00a0 \u00a0 \u00a0 \u00a0 \u00a0 \u00a0 \u00a0 \u00a0 \u00a0 \u00a0 \u00a0 \u00a0 \u00a0 \u00a0 \u00a0BMS (2x 100A BMS) im Geh\u00e4use\u00a0<\/strong><\/p>\n<p><a href=\"http:\/\/lisunenergy.de\/wp-content\/uploads\/2013\/07\/IMG_4913.jpg\"><img loading=\"lazy\" decoding=\"async\" class=\"alignnone wp-image-863 size-medium\" src=\"http:\/\/lisunenergy.de\/wp-content\/uploads\/2013\/07\/IMG_4913-300x200.jpg\" alt=\"\" width=\"300\" height=\"200\" srcset=\"https:\/\/lisunenergy.de\/wp-content\/uploads\/2013\/07\/IMG_4913-300x200.jpg 300w, https:\/\/lisunenergy.de\/wp-content\/uploads\/2013\/07\/IMG_4913-768x512.jpg 768w, https:\/\/lisunenergy.de\/wp-content\/uploads\/2013\/07\/IMG_4913-1024x683.jpg 1024w\" sizes=\"auto, (max-width: 300px) 100vw, 300px\" \/><\/a>\u00a0 \u00a0 \u00a0 \u00a0 \u00a0 \u00a0 \u00a0 \u00a0 \u00a0 \u00a0 \u00a0 \u00a0 \u00a0 \u00a0 \u00a0 \u00a0 \u00a0 \u00a0 \u00a0 \u00a0 <a href=\"http:\/\/lisunenergy.de\/wp-content\/uploads\/2013\/07\/IMG_4916.jpg\"><img loading=\"lazy\" decoding=\"async\" class=\"alignnone wp-image-864 size-medium\" src=\"http:\/\/lisunenergy.de\/wp-content\/uploads\/2013\/07\/IMG_4916-300x200.jpg\" alt=\"\" width=\"300\" height=\"200\" srcset=\"https:\/\/lisunenergy.de\/wp-content\/uploads\/2013\/07\/IMG_4916-300x200.jpg 300w, https:\/\/lisunenergy.de\/wp-content\/uploads\/2013\/07\/IMG_4916-768x512.jpg 768w, https:\/\/lisunenergy.de\/wp-content\/uploads\/2013\/07\/IMG_4916-1024x683.jpg 1024w\" sizes=\"auto, (max-width: 300px) 100vw, 300px\" \/><\/a><\/p>\n<p>*Das \/ Die gezeigte(n) Bild(er) dient(en) nur als Referenz, das tats\u00e4chliche Produkt\/ Set kann abweichen &#8230;*<\/p>\n<p><span style=\"color: #000000;\"><strong>Zyklenanzahl siehe Rubrik Fertigakkus:<\/strong><\/span><\/p>\n<figure id=\"attachment_729\" aria-describedby=\"caption-attachment-729\" style=\"width: 407px\" class=\"wp-caption alignleft\"><a href=\"http:\/\/lisunenergy.de\/wp-content\/uploads\/2013\/07\/UNIMOG-Schneider-Furkapass-November-2016-1.jpg\"><img loading=\"lazy\" decoding=\"async\" class=\"wp-image-729 \" src=\"http:\/\/lisunenergy.de\/wp-content\/uploads\/2013\/07\/UNIMOG-Schneider-Furkapass-November-2016-1.jpg\" alt=\"unimog-schneider-furkapass-november-2016\" width=\"407\" height=\"305\" srcset=\"https:\/\/lisunenergy.de\/wp-content\/uploads\/2013\/07\/UNIMOG-Schneider-Furkapass-November-2016-1.jpg 3264w, https:\/\/lisunenergy.de\/wp-content\/uploads\/2013\/07\/UNIMOG-Schneider-Furkapass-November-2016-1-300x225.jpg 300w, https:\/\/lisunenergy.de\/wp-content\/uploads\/2013\/07\/UNIMOG-Schneider-Furkapass-November-2016-1-768x576.jpg 768w, https:\/\/lisunenergy.de\/wp-content\/uploads\/2013\/07\/UNIMOG-Schneider-Furkapass-November-2016-1-1024x768.jpg 1024w\" sizes=\"auto, (max-width: 407px) 100vw, 407px\" \/><\/a><figcaption id=\"caption-attachment-729\" class=\"wp-caption-text\">unimog-j. schneider-furkapass-november-2016 Speicherleistung 24V @ 400AH<\/figcaption><\/figure>\n<figure id=\"attachment_643\" aria-describedby=\"caption-attachment-643\" style=\"width: 316px\" class=\"wp-caption alignleft\"><a style=\"font-size: xx-small;\" href=\"http:\/\/lisunenergy.de\/wp-content\/uploads\/2016\/05\/IMG_1094.jpeg\"><img loading=\"lazy\" decoding=\"async\" class=\"wp-image-643\" src=\"http:\/\/lisunenergy.de\/wp-content\/uploads\/2016\/05\/IMG_1094-300x300.jpeg\" alt=\"IMG_10\" width=\"316\" height=\"316\" srcset=\"https:\/\/lisunenergy.de\/wp-content\/uploads\/2016\/05\/IMG_1094-300x300.jpeg 300w, https:\/\/lisunenergy.de\/wp-content\/uploads\/2016\/05\/IMG_1094-150x150.jpeg 150w, https:\/\/lisunenergy.de\/wp-content\/uploads\/2016\/05\/IMG_1094-768x768.jpeg 768w, https:\/\/lisunenergy.de\/wp-content\/uploads\/2016\/05\/IMG_1094-90x90.jpeg 90w, https:\/\/lisunenergy.de\/wp-content\/uploads\/2016\/05\/IMG_1094.jpeg 960w\" sizes=\"auto, (max-width: 316px) 100vw, 316px\" \/><\/a><figcaption id=\"caption-attachment-643\" class=\"wp-caption-text\">Abb.: 24 Volt 400AH<\/figcaption><\/figure>\n<div><\/div>\n<div><\/div>\n<div><\/div>\n<div><\/div>\n<div><\/div>\n<div><\/div>\n<div><\/div>\n<div><\/div>\n<div><\/div>\n<div><\/div>\n<div><\/div>\n<div><\/div>\n<div><\/div>\n<div><\/div>\n<div><\/div>\n<div><\/div>\n<div><\/div>\n<div><\/div>\n<h4><\/h4>\n<h4><\/h4>\n<h4><\/h4>\n","protected":false},"excerpt":{"rendered":"<p>E-Mail: lisunenergy@t-online.de\u00a0 \u00a0Inh. Detlef Eilzer\u00a0\u00a0 Mobile und station\u00e4re Stromversorgung \/ Energiesysteme\u00a0 NEU: Befreiung der UST. 2023 gem\u00e4\u00df \u00a7 12 Abs. 3 UStG. f\u00fcr PV- und Speicheranlagen (befreit dazu sind alle wesentliche Komponenten zur Erzeugung sowie Speicherung). Hier gilt: der K\u00e4ufer muss auch der tats\u00e4chliche Betreiber dieser Anlage sein. Weiter gilt: (au\u00dfer f\u00fcr mobile Anlagen). Herzlich &hellip;<\/p>\n","protected":false},"author":1,"featured_media":0,"parent":0,"menu_order":0,"comment_status":"closed","ping_status":"closed","template":"","meta":{"footnotes":""},"class_list":["post-28","page","type-page","status-publish","hentry"],"_links":{"self":[{"href":"https:\/\/lisunenergy.de\/index.php?rest_route=\/wp\/v2\/pages\/28","targetHints":{"allow":["GET"]}}],"collection":[{"href":"https:\/\/lisunenergy.de\/index.php?rest_route=\/wp\/v2\/pages"}],"about":[{"href":"https:\/\/lisunenergy.de\/index.php?rest_route=\/wp\/v2\/types\/page"}],"author":[{"embeddable":true,"href":"https:\/\/lisunenergy.de\/index.php?rest_route=\/wp\/v2\/users\/1"}],"replies":[{"embeddable":true,"href":"https:\/\/lisunenergy.de\/index.php?rest_route=%2Fwp%2Fv2%2Fcomments&post=28"}],"version-history":[{"count":361,"href":"https:\/\/lisunenergy.de\/index.php?rest_route=\/wp\/v2\/pages\/28\/revisions"}],"predecessor-version":[{"id":1475,"href":"https:\/\/lisunenergy.de\/index.php?rest_route=\/wp\/v2\/pages\/28\/revisions\/1475"}],"wp:attachment":[{"href":"https:\/\/lisunenergy.de\/index.php?rest_route=%2Fwp%2Fv2%2Fmedia&parent=28"}],"curies":[{"name":"wp","href":"https:\/\/api.w.org\/{rel}","templated":true}]}}