{"id":20,"date":"2013-07-30T10:29:47","date_gmt":"2013-07-30T08:29:47","guid":{"rendered":"http:\/\/lisunenergy.de\/wordpress\/?page_id=20"},"modified":"2022-03-08T14:59:37","modified_gmt":"2022-03-08T12:59:37","slug":"impressum","status":"publish","type":"page","link":"https:\/\/lisunenergy.de\/?page_id=20","title":{"rendered":"Impressum"},"content":{"rendered":"<p><strong>gewerbliche Informationen<\/strong><\/p>\n<p><strong>Anschrift<\/strong><br \/>\nLisunenergy<br \/>\nDetlef Eilzer<br \/>\nAm Wasserwerk 14<br \/>\n01109 Dresden<\/p>\n<p><strong>Kontakt<\/strong><\/p>\n<p>Internet: www.lisunenergy.de<br \/>\nE-Mail: lisunenergy@t-online.de<\/p>\n<p><strong>Gesch\u00e4ftsf\u00fchrer <\/strong><br \/>\nDetlef Eilzer<\/p>\n<p><strong>Vertretungsberechtigter\u00a0<\/strong><\/p>\n<p><strong>Registergericht \/ Registernummer<\/strong><br \/>\n&#8211;<\/p>\n<p><strong>Ust. ID gem\u00e4\u00df \u00a7 27 a Umsatzsteuergesetz:<\/strong><br \/>\nDE 233486940<\/p>\n<p><strong>Inhaltlich verantwortlicher gem\u00e4\u00df \u00a7 6MDStV:<\/strong><\/p>\n<p><b>Detlef Eilzer<\/b><\/p>\n<p style=\"font-weight: 500;\"><strong>Informationen zur Online-Streitbeilegung:<\/strong><\/p>\n<p style=\"font-weight: 500;\">Im Februar 2016 wir die Europ\u00e4ische Kommission unter folgendem Linke eine Plattform zur Online-Streitbeilegung (OS) bereitstellen:<\/p>\n<p style=\"font-weight: 500;\"><span style=\"color: #000000;\"><a style=\"color: #000000;\" href=\"http:\/\/www.bmjv.de\/SharedDocs\/Publikationen\/DE\/Verbraucherschlichtung.pdf?__blob=publicationFile&amp;v=6\">http:\/\/www.bmjv.de\/SharedDocs\/Publikationen\/DE\/Verbraucherschlichtung.pdf?__blob=publicationFile&amp;v=6<\/a><\/span><\/p>\n<p>&nbsp;<\/p>\n<p style=\"font-weight: 500;\">Die OS-Plattform wird als Anlaufstelle zur au\u00dfergerichtlichen Beilegung von Streitigkeiten dienen, welche vertraglich Verpflichtungen, die aus Online-Kaufvertr\u00e4gen erwachsen, betreffen.<\/p>\n<p style=\"font-weight: 500;\">Unsere E-Mail-Adresse lautet mail@lisunenergy.de<\/p>\n<p><strong>Haftungsausschluss (Disclaimer)<\/strong><\/p>\n<p><strong>Haftung f\u00fcr Inhalte<\/strong><\/p>\n<p>Als Dienstanbieter sind wir gem\u00e4\u00df \u00a7 7 Abs.1 TMG f\u00fcr eigene Inhalte auf diesen<br \/>\nSeiten nach den allgemeinen Gesetzen verantwortlich. Nach \u00a7\u00a7 8 bis 10 TMG sind<br \/>\nwir als Dienstanbieter jedoch nicht verpflichtet, \u00fcbermittelte oder gespeicherte<br \/>\nfremde Informationen zu \u00fcberwachen oder nach Umst\u00e4nden zu forschen, die auf eine<br \/>\nrechtswidrige T\u00e4tigkeit hinweisen. Verpflichtungen zur Entfernung oder Sperrung<br \/>\nder Nutzung von Informationen nach den allgemeinen Gesetzen bleiben hiervon unber\u00fchrt<br \/>\nEine diesbez\u00fcgliche Haftung ist jedoch erst ab dem Zeitpunkt der Kenntnis einer<br \/>\nkonkreten Rechtsverletzung m\u00f6glich. Bei Bekanntwerden von entsprechenden Rechtsverletzungen<br \/>\nwerden wir diese Inhalte umgehend entfernen.<\/p>\n<p><strong>Haftung f\u00fcr Links<\/strong><\/p>\n<p>Unser Angebot enth\u00e4lt Links zu externen Webseiten Dritter, auf deren Inhalte wir keinen<br \/>\nEinfluss haben. Deshalb k\u00f6nnen wir f\u00fcr diese fremden Inhalte auch keine Gew\u00e4hr \u00fcbernehmen.<br \/>\nF\u00fcr die Inhalte der verlinkten Seiten ist stets der jeweilige Anbieter oder Betreiber der<br \/>\nSeiten verantwortlich. Die verlinkten Seiten wurden zum Zeitpunkt der Verlinkung auf m\u00f6gliche<br \/>\nRechtsverst\u00f6\u00dfe \u00fcberpr\u00fcft. Rechtswidrige Inhalte waren zum Zeitpunkt der Verlinkung nicht erkennbar.<br \/>\nEine permanente inhaltliche Kontrolle der verlinkten Seiten ist jedoch ohne konkrete Anhaltspunkte<br \/>\neiner Rechtsverletzung nicht zumutbar. Bei Bekanntwerden von Rechtsverletzungen werden wir derartige<br \/>\nLinks umgehend entfernen.<\/p>\n<p>&nbsp;<\/p>\n<p><strong>Urheberrecht<\/strong><br \/>\nDie auf auf dieser Homepage ver\u00f6ffentlichten Beitr\u00e4ge sind urheberrechtlich<br \/>\ngesch\u00fctzt. Ohne vorherige schriftliche Genehmigung der Herausgeber darf der Inhalt<br \/>\nau\u00dfer zum eigenen privaten Gebrauch weder vervielf\u00e4ltigt, verbreitet, bearbeitet,<br \/>\numgestaltet noch sonst \u00f6ffentlich vertrieben werden. Dieses Verbot umfasst<br \/>\ninsbesondere die gewerbliche Vervielf\u00e4ltigung in Kopie, die Speicherung und die<br \/>\ngewerbliche Vervielf\u00e4ltigung auf Datenverarbeitungsanlagen sowie sonstigen<br \/>\nDatentr\u00e4gern<\/p>\n<p><strong>Salvatorische Klausel<\/strong><br \/>\nSofern Teile oder einzelne Formulierungen dieses Textes der geltenden Rechtslage nicht,<br \/>\nnicht mehr oder nicht vollst\u00e4ndig entsprechen sollten, bleiben die \u00fcbrigen Teile des<br \/>\nDokumentes in ihrem Inhalt und ihrer G\u00fcltigkeit davon unber\u00fchrt.<\/p>\n<p><strong>Keine Abmahnung ohne vorherigen Kontakt!<\/strong><br \/>\nSollte der Inhalt oder die Aufmachung dieser Seiten die Rechte Dritter oder gesetzliche<br \/>\nBestimmungen verletzen, so bitten unsere Partner um eine entsprechende Nachricht ohne Kostennote.<br \/>\nOhne vorherige Kontaktaufnahme per E-Mail, Telefon oder\u00a0Brief angesetzte Kosten werden unsere Partner<br \/>\nvollumf\u00e4nglich zur\u00fcckweisen und gegebenenfalls Gegenklage wegen Verletzung vorgenannter Bestimmungen<br \/>\neinreichen.<\/p>\n<p><strong>Webmaster <\/strong><br \/>\nThomas Freudenberg<br \/>\nWinkelweg 2<br \/>\n01454 Gro\u00dferkmannsdorf<br \/>\n0173 \/ 8812542<br \/>\nmail@FTF-Programming.<\/p>\n<p><strong>\u00a0<\/strong><\/p>\n","protected":false},"excerpt":{"rendered":"<p>gewerbliche Informationen Anschrift Lisunenergy Detlef Eilzer Am Wasserwerk 14 01109 Dresden Kontakt Internet: www.lisunenergy.de E-Mail: lisunenergy@t-online.de Gesch\u00e4ftsf\u00fchrer Detlef Eilzer Vertretungsberechtigter\u00a0 Registergericht \/ Registernummer &#8211; Ust. ID gem\u00e4\u00df \u00a7 27 a Umsatzsteuergesetz: DE 233486940 Inhaltlich verantwortlicher gem\u00e4\u00df \u00a7 6MDStV: Detlef Eilzer Informationen zur Online-Streitbeilegung: Im Februar 2016 wir die Europ\u00e4ische Kommission unter folgendem Linke eine Plattform &hellip;<\/p>\n","protected":false},"author":1,"featured_media":0,"parent":0,"menu_order":0,"comment_status":"closed","ping_status":"closed","template":"","meta":{"footnotes":""},"class_list":["post-20","page","type-page","status-publish","hentry"],"_links":{"self":[{"href":"https:\/\/lisunenergy.de\/index.php?rest_route=\/wp\/v2\/pages\/20","targetHints":{"allow":["GET"]}}],"collection":[{"href":"https:\/\/lisunenergy.de\/index.php?rest_route=\/wp\/v2\/pages"}],"about":[{"href":"https:\/\/lisunenergy.de\/index.php?rest_route=\/wp\/v2\/types\/page"}],"author":[{"embeddable":true,"href":"https:\/\/lisunenergy.de\/index.php?rest_route=\/wp\/v2\/users\/1"}],"replies":[{"embeddable":true,"href":"https:\/\/lisunenergy.de\/index.php?rest_route=%2Fwp%2Fv2%2Fcomments&post=20"}],"version-history":[{"count":22,"href":"https:\/\/lisunenergy.de\/index.php?rest_route=\/wp\/v2\/pages\/20\/revisions"}],"predecessor-version":[{"id":1214,"href":"https:\/\/lisunenergy.de\/index.php?rest_route=\/wp\/v2\/pages\/20\/revisions\/1214"}],"wp:attachment":[{"href":"https:\/\/lisunenergy.de\/index.php?rest_route=%2Fwp%2Fv2%2Fmedia&parent=20"}],"curies":[{"name":"wp","href":"https:\/\/api.w.org\/{rel}","templated":true}]}}